{"id":7132,"date":"2025-08-26T13:16:13","date_gmt":"2025-08-26T10:16:13","guid":{"rendered":"http:\/\/mutlukabin.com.tr\/?page_id=7132"},"modified":"2025-10-31T13:36:23","modified_gmt":"2025-10-31T10:36:23","slug":"kurumsal","status":"publish","type":"page","link":"https:\/\/mutlukabin.com.tr\/en\/kurumsal\/","title":{"rendered":"Corporate"},"content":{"rendered":"<div class=\"grve-section\" data-section-title=\"\" data-section-type=\"fullwidth-background\" data-image-type=\"none\" data-full-height=\"no\"><div class=\"grve-row grve-bookmark\"><div class=\"wpb_column grve-column grve-bookmark grve-column-1\"><div class=\"grve-element grve-slogan grve-align-center\" style=\"\"><h3 class=\"grve-slogan-title grve-align-center grve-title-line\"><span>About Us<\/span><\/h3>  <p class=\"\"><\/p><\/div><div class=\"grve-element grve-text\"><p style=\"text-align: center;\">With 25 years of experience in the cabin market, we are delighted to enter the sector as a corporate entity in 2025 under the name MK MUTLU KAB\u0130N.<\/p>\n<p style=\"text-align: center;\">Our specialized and professional team provides friendly service, stemming from the value we place on our customers.<\/p>\n<p style=\"text-align: center;\">Our fundamental principle for customer satisfaction is the bond we build with our customers. Through this bond, we aim to maintain and develop positive collaborations with our customers for many years to come. A vast majority of purchases are made emotionally, not purely commercially.<\/p>\n<p style=\"text-align: center;\">Our goal is to be aware of our responsibilities at every stage, from the initial meeting to the final delivery, and to deliver our work with the same level of seriousness.<\/p>\n<p style=\"text-align: center;\">Our primary goal is to prioritize customer satisfaction by quickly finding solutions to problems or potential problems through our meticulous approach.<\/p>\n<p style=\"text-align: center;\">We are proud to have accomplished significant projects in both the public and private sectors in a short period of time. We are rapidly progressing towards becoming one of the leading brands in the cabin industry.<\/p>\n<p style=\"text-align: center;\">We offer our customers a wide range of color and model options for toilet cubicles, toilet doors, shower cubicles, shower doors, locker rooms, compact laminate countertop systems, urinal partitions, and compact laminate table tops, all manufactured from compact laminate material.<\/p>\n<p style=\"text-align: center;\">By combining our knowledge and experience with quality, we have made customer satisfaction our mission.<\/p>\n<\/div><\/div> <\/div><div class=\"grve-background-wrapper\"><\/div><\/div><div class=\"grve-section grve-light\" data-section-title=\"\" data-section-type=\"fullwidth-element\" data-image-type=\"none\" data-full-height=\"no\"  style=\"background-color:#e31e24;color:#ffffff;margin-bottom: -40px;\"><div class=\"grve-row grve-bookmark\"><div class=\"wpb_column grve-column grve-bookmark grve-column-1-3 vc_custom_1756206712987\"><div class=\"grve-element grve-box-icon grve-align-center\" style=\"margin-bottom: 50px;\"><div class=\"grve-icon grve-large grve-simple grve-no-shape grve-color-primary-1 grve-image-icon\"><img loading=\"lazy\" decoding=\"async\" width=\"80\" height=\"80\" src=\"https:\/\/mutlukabin.com.tr\/wp-content\/uploads\/2025\/08\/kabin-sb-1.png\" class=\"attachment-full size-full\" alt=\"\" srcset=\"https:\/\/mutlukabin.com.tr\/wp-content\/uploads\/2025\/08\/kabin-sb-1.png 1x,https:\/\/mutlukabin.com.tr\/wp-content\/uploads\/2025\/08\/kabin-sb-1.png 2x\" \/><\/div>  <div class=\"grve-box-content\"><h5 class=\"grve-box-title\"><span>Our Mission<\/span><\/h5>    <p class=\"\">Our goal is to meet your expectations with high-quality, innovative designs, the right quality-price ratio, and a wide range of products.<\/p>  <\/div><\/div><\/div><div class=\"wpb_column grve-column grve-bookmark grve-column-1-3 vc_custom_1756206756211\"><div class=\"grve-element grve-box-icon grve-align-center\" style=\"\"><div class=\"grve-icon grve-large grve-simple grve-no-shape grve-color-primary-1 grve-image-icon\"><img loading=\"lazy\" decoding=\"async\" width=\"80\" height=\"80\" src=\"https:\/\/mutlukabin.com.tr\/wp-content\/uploads\/2025\/08\/kabin-sb-1.png\" class=\"attachment-full size-full\" alt=\"\" srcset=\"https:\/\/mutlukabin.com.tr\/wp-content\/uploads\/2025\/08\/kabin-sb-1.png 1x,https:\/\/mutlukabin.com.tr\/wp-content\/uploads\/2025\/08\/kabin-sb-1.png 2x\" \/><\/div>  <div class=\"grve-box-content\"><h5 class=\"grve-box-title\"><span>Our Vision<\/span><\/h5>    <p class=\"\">Our vision is to be among the leading companies in Turkey in the development and production of cabins and cabin systems for wet areas.<\/p>  <\/div><\/div><\/div><div class=\"wpb_column grve-column grve-bookmark grve-column-1-3 vc_custom_1756206765715\"><div class=\"grve-element grve-box-icon grve-align-center\" style=\"\"><div class=\"grve-icon grve-large grve-simple grve-no-shape grve-color-primary-1 grve-image-icon\"><img loading=\"lazy\" decoding=\"async\" width=\"80\" height=\"80\" src=\"https:\/\/mutlukabin.com.tr\/wp-content\/uploads\/2025\/08\/kabin-sb-1.png\" class=\"attachment-full size-full\" alt=\"\" srcset=\"https:\/\/mutlukabin.com.tr\/wp-content\/uploads\/2025\/08\/kabin-sb-1.png 1x,https:\/\/mutlukabin.com.tr\/wp-content\/uploads\/2025\/08\/kabin-sb-1.png 2x\" \/><\/div>  <div class=\"grve-box-content\"><h5 class=\"grve-box-title\"><span>Our Values<\/span><\/h5>    <p class=\"\">Virtue, honesty, and diligence. Prioritizing trust in interpersonal relationships. Working with a professional and dynamic team driven by a desire to succeed.<\/p>  <\/div><\/div><\/div> <\/div><div class=\"grve-background-wrapper\"><\/div><\/div>","protected":false},"excerpt":{"rendered":"Hakk\u0131m\u0131zda 25 y\u0131ll\u0131k kabin piyasas\u0131ndaki tecr\u00fcbemizle 2025 y\u0131l\u0131nda MK MUTLU KAB\u0130N olarak sekt\u00f6re Kurumsal olarak ad\u0131m atman\u0131n mutlulu\u011funu ya\u015f\u0131yoruz. Uzmanla\u015fm\u0131\u015f ve Profesyonel ekibimizle g\u00fcler y\u00fczl\u00fc hizmet vermek, m\u00fc\u015fterilerimize verdi\u011fimiz de\u011ferden kaynaklanmaktad\u0131r. M\u00fc\u015fteri memnuniyeti i\u00e7in temel ilkemiz, m\u00fc\u015fterilerimiz ile kurdu\u011fumuz ba\u011fd\u0131r. Bu ba\u011f sayesinde m\u00fc\u015fterilerimizle uzun y\u0131llar i\u015fbirli\u011fimizin olumlu y\u00f6nde s\u00fcrd\u00fcr\u00fclmesi ve geli\u015ftirilmesini ama\u00e7lamaktay\u0131z. Sat\u0131n almalar\u0131n [...]","protected":false},"author":1,"featured_media":0,"parent":0,"menu_order":0,"comment_status":"closed","ping_status":"closed","template":"","meta":{"footnotes":""},"class_list":["post-7132","page","type-page","status-publish","hentry"],"yoast_head":"<!-- This site is optimized with the Yoast SEO plugin v27.5 - https:\/\/yoast.com\/product\/yoast-seo-wordpress\/ -->\n<title>Kurumsal - MUTLU KAB\u0130N<\/title>\n<meta name=\"description\" content=\"Mutlu Kabin Sistemleri\" \/>\n<meta name=\"robots\" content=\"index, follow, max-snippet:-1, max-image-preview:large, max-video-preview:-1\" \/>\n<link rel=\"canonical\" href=\"http:\/\/mutlukabin.com.tr\/en\/kurumsal\/\" \/>\n<meta property=\"og:locale\" content=\"en_GB\" \/>\n<meta property=\"og:type\" content=\"article\" \/>\n<meta property=\"og:title\" content=\"Kurumsal - MUTLU KAB\u0130N\" \/>\n<meta property=\"og:description\" content=\"Mutlu Kabin Sistemleri\" \/>\n<meta property=\"og:url\" content=\"http:\/\/mutlukabin.com.tr\/en\/kurumsal\/\" \/>\n<meta property=\"og:site_name\" content=\"MUTLU KAB\u0130N\" \/>\n<meta property=\"article:modified_time\" content=\"2025-10-31T10:36:23+00:00\" \/>\n<meta name=\"twitter:card\" content=\"summary_large_image\" \/>\n<meta name=\"twitter:label1\" content=\"Estimated reading time\" \/>\n\t<meta name=\"twitter:data1\" content=\"3 minutes\" \/>\n<script type=\"application\/ld+json\" class=\"yoast-schema-graph\">{\"@context\":\"https:\\\/\\\/schema.org\",\"@graph\":[{\"@type\":\"WebPage\",\"@id\":\"http:\\\/\\\/mutlukabin.com.tr\\\/kurumsal\\\/\",\"url\":\"http:\\\/\\\/mutlukabin.com.tr\\\/kurumsal\\\/\",\"name\":\"Kurumsal - MUTLU KAB\u0130N\",\"isPartOf\":{\"@id\":\"https:\\\/\\\/mutlukabin.com.tr\\\/#website\"},\"datePublished\":\"2025-08-26T10:16:13+00:00\",\"dateModified\":\"2025-10-31T10:36:23+00:00\",\"description\":\"Mutlu Kabin Sistemleri\",\"breadcrumb\":{\"@id\":\"http:\\\/\\\/mutlukabin.com.tr\\\/kurumsal\\\/#breadcrumb\"},\"inLanguage\":\"en-GB\",\"potentialAction\":[{\"@type\":\"ReadAction\",\"target\":[\"http:\\\/\\\/mutlukabin.com.tr\\\/kurumsal\\\/\"]}]},{\"@type\":\"BreadcrumbList\",\"@id\":\"http:\\\/\\\/mutlukabin.com.tr\\\/kurumsal\\\/#breadcrumb\",\"itemListElement\":[{\"@type\":\"ListItem\",\"position\":1,\"name\":\"Anasayfa\",\"item\":\"https:\\\/\\\/mutlukabin.com.tr\\\/\"},{\"@type\":\"ListItem\",\"position\":2,\"name\":\"Kurumsal\"}]},{\"@type\":\"WebSite\",\"@id\":\"https:\\\/\\\/mutlukabin.com.tr\\\/#website\",\"url\":\"https:\\\/\\\/mutlukabin.com.tr\\\/\",\"name\":\"MUTLU KAB\u0130N\",\"description\":\"Kompakt Laminat WC Kabin Sistemleri\",\"publisher\":{\"@id\":\"https:\\\/\\\/mutlukabin.com.tr\\\/#organization\"},\"potentialAction\":[{\"@type\":\"SearchAction\",\"target\":{\"@type\":\"EntryPoint\",\"urlTemplate\":\"https:\\\/\\\/mutlukabin.com.tr\\\/?s={search_term_string}\"},\"query-input\":{\"@type\":\"PropertyValueSpecification\",\"valueRequired\":true,\"valueName\":\"search_term_string\"}}],\"inLanguage\":\"en-GB\"},{\"@type\":\"Organization\",\"@id\":\"https:\\\/\\\/mutlukabin.com.tr\\\/#organization\",\"name\":\"MUTLU KAB\u0130N\",\"url\":\"https:\\\/\\\/mutlukabin.com.tr\\\/\",\"logo\":{\"@type\":\"ImageObject\",\"inLanguage\":\"en-GB\",\"@id\":\"https:\\\/\\\/mutlukabin.com.tr\\\/#\\\/schema\\\/logo\\\/image\\\/\",\"url\":\"https:\\\/\\\/mutlukabin.com.tr\\\/wp-content\\\/uploads\\\/2025\\\/08\\\/logo_1.png\",\"contentUrl\":\"https:\\\/\\\/mutlukabin.com.tr\\\/wp-content\\\/uploads\\\/2025\\\/08\\\/logo_1.png\",\"width\":180,\"height\":90,\"caption\":\"MUTLU KAB\u0130N\"},\"image\":{\"@id\":\"https:\\\/\\\/mutlukabin.com.tr\\\/#\\\/schema\\\/logo\\\/image\\\/\"}}]}<\/script>\n<!-- \/ Yoast SEO plugin. -->","yoast_head_json":{"title":"Kurumsal - MUTLU KAB\u0130N","description":"Mutlu Kabin Sistemleri","robots":{"index":"index","follow":"follow","max-snippet":"max-snippet:-1","max-image-preview":"max-image-preview:large","max-video-preview":"max-video-preview:-1"},"canonical":"http:\/\/mutlukabin.com.tr\/en\/kurumsal\/","og_locale":"en_GB","og_type":"article","og_title":"Kurumsal - MUTLU KAB\u0130N","og_description":"Mutlu Kabin Sistemleri","og_url":"http:\/\/mutlukabin.com.tr\/en\/kurumsal\/","og_site_name":"MUTLU KAB\u0130N","article_modified_time":"2025-10-31T10:36:23+00:00","twitter_card":"summary_large_image","twitter_misc":{"Estimated reading time":"3 minutes"},"schema":{"@context":"https:\/\/schema.org","@graph":[{"@type":"WebPage","@id":"http:\/\/mutlukabin.com.tr\/kurumsal\/","url":"http:\/\/mutlukabin.com.tr\/kurumsal\/","name":"Kurumsal - MUTLU KAB\u0130N","isPartOf":{"@id":"https:\/\/mutlukabin.com.tr\/#website"},"datePublished":"2025-08-26T10:16:13+00:00","dateModified":"2025-10-31T10:36:23+00:00","description":"Mutlu Kabin Sistemleri","breadcrumb":{"@id":"http:\/\/mutlukabin.com.tr\/kurumsal\/#breadcrumb"},"inLanguage":"en-GB","potentialAction":[{"@type":"ReadAction","target":["http:\/\/mutlukabin.com.tr\/kurumsal\/"]}]},{"@type":"BreadcrumbList","@id":"http:\/\/mutlukabin.com.tr\/kurumsal\/#breadcrumb","itemListElement":[{"@type":"ListItem","position":1,"name":"Anasayfa","item":"https:\/\/mutlukabin.com.tr\/"},{"@type":"ListItem","position":2,"name":"Kurumsal"}]},{"@type":"WebSite","@id":"https:\/\/mutlukabin.com.tr\/#website","url":"https:\/\/mutlukabin.com.tr\/","name":"MUTLU KAB\u0130N","description":"Kompakt Laminat WC Kabin Sistemleri","publisher":{"@id":"https:\/\/mutlukabin.com.tr\/#organization"},"potentialAction":[{"@type":"SearchAction","target":{"@type":"EntryPoint","urlTemplate":"https:\/\/mutlukabin.com.tr\/?s={search_term_string}"},"query-input":{"@type":"PropertyValueSpecification","valueRequired":true,"valueName":"search_term_string"}}],"inLanguage":"en-GB"},{"@type":"Organization","@id":"https:\/\/mutlukabin.com.tr\/#organization","name":"MUTLU KAB\u0130N","url":"https:\/\/mutlukabin.com.tr\/","logo":{"@type":"ImageObject","inLanguage":"en-GB","@id":"https:\/\/mutlukabin.com.tr\/#\/schema\/logo\/image\/","url":"https:\/\/mutlukabin.com.tr\/wp-content\/uploads\/2025\/08\/logo_1.png","contentUrl":"https:\/\/mutlukabin.com.tr\/wp-content\/uploads\/2025\/08\/logo_1.png","width":180,"height":90,"caption":"MUTLU KAB\u0130N"},"image":{"@id":"https:\/\/mutlukabin.com.tr\/#\/schema\/logo\/image\/"}}]}},"_links":{"self":[{"href":"https:\/\/mutlukabin.com.tr\/en\/wp-json\/wp\/v2\/pages\/7132","targetHints":{"allow":["GET"]}}],"collection":[{"href":"https:\/\/mutlukabin.com.tr\/en\/wp-json\/wp\/v2\/pages"}],"about":[{"href":"https:\/\/mutlukabin.com.tr\/en\/wp-json\/wp\/v2\/types\/page"}],"author":[{"embeddable":true,"href":"https:\/\/mutlukabin.com.tr\/en\/wp-json\/wp\/v2\/users\/1"}],"replies":[{"embeddable":true,"href":"https:\/\/mutlukabin.com.tr\/en\/wp-json\/wp\/v2\/comments?post=7132"}],"version-history":[{"count":0,"href":"https:\/\/mutlukabin.com.tr\/en\/wp-json\/wp\/v2\/pages\/7132\/revisions"}],"wp:attachment":[{"href":"https:\/\/mutlukabin.com.tr\/en\/wp-json\/wp\/v2\/media?parent=7132"}],"curies":[{"name":"wp","href":"https:\/\/api.w.org\/{rel}","templated":true}]}}